{"id":53,"date":"2023-03-12T17:32:12","date_gmt":"2023-03-12T17:32:12","guid":{"rendered":"http:\/\/riverhouse.com.pl\/?page_id=53"},"modified":"2023-09-25T08:16:20","modified_gmt":"2023-09-25T08:16:20","slug":"regulamin-pobytu","status":"publish","type":"page","link":"https:\/\/riverhouse.com.pl\/index.php\/rezerwacja\/regulamin-pobytu\/","title":{"rendered":"REGULAMIN POBYTU"},"content":{"rendered":"\n<p>REGULAMIN POBYTU<\/p>\n\n\n\n<ol class=\"wp-block-list\">\n<li>Przedmiot Regulaminu i postanowienia og\u00f3lne.<\/li>\n<\/ol>\n\n\n\n<ol class=\"wp-block-list\">\n<li>Regulamin okre\u015bla przedmiot \u015bwiadczenia us\u0142ug, odpowiedzialno\u015bci oraz\u00a0zasady przebywania na\u00a0terenie obiektu River House znajduj\u0105cym si\u0119 przy ul.\u00a0Grunwaldzkiej 10, Bardo zwanego dalej obiektem.<\/li>\n\n\n\n<li>Regulamin jest integraln\u0105 cz\u0119\u015bci\u0105 umowy, do\u00a0kt\u00f3rej\u00a0zawarcia dochodzi poprzez dokonanie rezerwacji i\/albo zap\u0142at\u0119 zadatku lub ca\u0142ej nale\u017cno\u015bci za\u00a0pobyt w\u00a0 River House. Dokonuj\u0105c czynno\u015bci wymienionych w\u00a0zdaniu poprzednim Go\u015b\u0107 potwierdza, i\u017c\u00a0zapozna\u0142 si\u0119 i\u00a0akceptuje warunki Regulaminu.\u00a0<\/li>\n\n\n\n<li>Osoba dokonuj\u0105ca rezerwacji (go\u015b\u0107) zobowi\u0105zana jest zapewni\u0107 przestrzeganie regulaminu przez osoby trzecie, kt\u00f3re b\u0119d\u0105 korzysta\u0107 w ramach rezerwacji z obiektu River House w tym os\u00f3b im towarzysz\u0105cych.<\/li>\n\n\n\n<li>W obiekcie River House \u015bwiadczone s\u0105 tzw. inne us\u0142ugi hotelarskie polegaj\u0105ce na udost\u0119pnianiu miejsc noclegowych w budynkach sta\u0142ych, tj. domach (apartamentach) udost\u0119pnianych dla go\u015bci obiektu.<\/li>\n\n\n\n<li>Niniejszy regulamin pozostaje do wgl\u0105du w obiekcie. Tre\u015b\u0107 regulaminu zosta\u0142a zamieszona przez obiekt River House na oficjalnej stronie internetowej obiektu pod adresem www.riverhouse.com.pl<\/li>\n<\/ol>\n\n\n\n<p>2. Rezerwacja pobytu i p\u0142atno\u015bci.<\/p>\n\n\n\n<ol class=\"wp-block-list\">\n<li>Apartamenty wynajmowane s\u0105&nbsp;na&nbsp;doby hotelowe.&nbsp;<\/li>\n\n\n\n<li>Doba hotelowa rozpoczyna si\u0119 o\u00a0godzinie 16:00 dnia pierwszego i\u00a0ko\u0144czy o\u00a0godzinie 11:00 dnia nast\u0119pnego, chyba \u017ce\u00a0umowa i potwierdzenie w\u00a0formie pisemnej lub mailowej stanowi inaczej.\u00a0<\/li>\n\n\n\n<li>Je\u015bli Go\u015b\u0107 nie\u00a0okre\u015bli\u0142 czasu pobytu przyjmuje si\u0119, \u017ce\u00a0apartament zosta\u0142 wynaj\u0119ty na\u00a0jedn\u0105 dob\u0119.<\/li>\n\n\n\n<li>Istnieje mo\u017cliwo\u015b\u0107 przed\u0142u\u017cenia doby hotelowej w\u00a0ramach dost\u0119pno\u015bci apartament\u00f3w. Przed\u0142u\u017cenie doby hotelowej do\u00a0godz.\u00a014:00 b\u0119dzie skutkowa\u0142o naliczeniem op\u0142aty w\u00a0wysoko\u015bci po\u0142owy ceny noclegu obowi\u0105zuj\u0105cej w\u00a0dniu wyjazdu, powy\u017cej godziny 14:00 pe\u0142n\u0105 kwot\u0105.\u00a0\u00a0<\/li>\n\n\n\n<li>Pro\u015bb\u0119 przed\u0142u\u017cenia pobytu Go\u015b\u0107 powinien zg\u0142osi\u0107 w\u0142a\u015bcicielowi najp\u00f3\u017aniej do\u00a0dnia poprzedzaj\u0105cego, w\u00a0kt\u00f3rym\u00a0up\u0142ywa termin najmu apartamentu. Obiekt uwzgl\u0119dni \u017cyczenie przed\u0142u\u017cenia pobytu w\u00a0miar\u0119 dost\u0119pno\u015bci apartament\u00f3w.<\/li>\n\n\n\n<li>Obiekt River House zastrzega sobie prawo uwzgl\u0119dnienia w ramach danej rezerwacji minimalnej b\u0105d\u017a maksymalnej ilo\u015bci dni pobytu, o czym Go\u015b\u0107 zostanie poinformowany na etapie sk\u0142adania danej rezerwacji, nie p\u00f3\u017aniej jednak ni\u017c przed jej potwierdzeniem i wp\u0142aceniem zadatku.<\/li>\n\n\n\n<li>Wysoko\u015b\u0107 op\u0142aty za pobyt w obiekcie River House jest ustalana indywidualnie dla ka\u017cdej z rezerwacji w oparciu o okres pobytu, czas trwania pobytu, liczb\u0119 go\u015bci, oraz form\u0119 rezerwacji. Wysoko\u015b\u0107 op\u0142aty za pobyt w obiekcie River House w ramach danej rezerwacji wskazana zostanie w trakcie procesu rezerwacji poprzez wiadomo\u015b\u0107 mailow\u0105 lub w rozmowie telefonicznej lub przez inn\u0105 wybran\u0105 form\u0119 kontaktu do rezerwacji.<\/li>\n\n\n\n<li>Obiekt River House zawsze pobiera zadatek na poczet rezerwacji terminu.<\/li>\n\n\n\n<li>Po\u00a0dokonaniu Rezerwacji, Obiekt prze\u015ble na\u00a0wskazany przez\u00a0Go\u015bcia adres e-mail lub numer telefonu potwierdzenie dokonanej Rezerwacji, okre\u015blaj\u0105ce m.in.\u00a0dane Go\u015bcia, dane Obiektu, opis zam\u00f3wionej oferty, wa\u017cno\u015b\u0107 oferty oraz\u00a0wysoko\u015b\u0107 zadatku i dat\u0119 uiszczenia zadatku, ceny za\u00a0zarezerwowane us\u0142ugi (zwanego dalej: Zadatkiem) lub ca\u0142ej ceny do\u00a0zap\u0142aty.<\/li>\n\n\n\n<li>Umow\u0119 pomi\u0119dzy Go\u015bciem a\u00a0Obiektem uznaje si\u0119 za\u00a0zawart\u0105 z\u00a0chwil\u0105 zap\u0142aty przez\u00a0Go\u015bcia zadatku w wyznaczonym i podanym w wiadomo\u015bci do rezerwacji terminie.<\/li>\n\n\n\n<li>Wysoko\u015b\u0107 zadatku (przedp\u0142aty) dla ka\u017cdego pobytu ustalana jest indywidualnie i wynosi  minimum 30% warto\u015bci ca\u0142ego najmu. P\u0142atno\u015b\u0107 pozosta\u0142ej cz\u0119\u015bci ustalana jest indywidualnie.<\/li>\n\n\n\n<li>Zadatek na poczet rezerwacji pobytu w obiekcie River House jest bezzwrotny. Istnieje jednak mo\u017cliwo\u015b\u0107 prze\u0142o\u017cenia terminu rezerwacji na inny wolny i ustalony z w\u0142a\u015bcicielem termin w przypadku odwo\u0142ania rezerwacji na minimum 3 doby przed terminem przyjazdu.<\/li>\n\n\n\n<li>Podane w wiadomo\u015bci czy rozmowie ceny s\u0105\u00a0podane w\u00a0polskich z\u0142otych i\u00a0zawieraj\u0105 podatek VAT.\u00a0<\/li>\n\n\n\n<li>Brak wp\u0142aty przez\u00a0Go\u015bcia zadatku lub ca\u0142ej ceny, w\u00a0zale\u017cno\u015bci od\u00a0wybranej oferty, w\u00a0terminie wskazanym w\u00a0potwierdzeniu Rezerwacji uznaje si\u0119 za\u00a0rezygnacj\u0119 z\u00a0dokonanej Rezerwacji,<br>co\u00a0skutkuje nie\u00a0zawarciem Umowy mi\u0119dzy Go\u015bciem a\u00a0Obiektem.<\/li>\n\n\n\n<li>Obiekt Rover House udokumentuje ka\u017cd\u0105 transakcje zgodnie<br>z obowi\u0105zuj\u0105cymi przepisami. W przypadku woli udokumentowania transakcji<br>faktur\u0105 VAT nale\u017cy w momencie rezerwacji zg\u0142osi\u0107 ten fakt i poda\u0107 dane nabywcy. Ch\u0119\u0107 otrzymania faktury VAT nale\u017cy zg\u0142osi\u0107 przed zako\u0144czeniem transakcji p\u0142atno\u015bci. Po zamkni\u0119ciu transakcji paragonem nie jest mo\u017cliwe wystawienie faktury VAT.<\/li>\n<\/ol>\n\n\n\n<p>3. Zameldowanie<\/p>\n\n\n\n<ol class=\"wp-block-list\">\n<li>Apartamenty wynajmowane s\u0105 na doby. Minimalna d\u0142ugo\u015b\u0107 pobytu to 2 doby.<\/li>\n\n\n\n<li>Doba pobytu trwa od godziny 16.00 do godziny 11:00 dnia nast\u0119pnego, chyba \u017ce go\u015b\u0107 ustali\u0142 z w\u0142a\u015bcicielem obiektu inne ramy czasowe.<\/li>\n\n\n\n<li>W przypadku pozostania Go\u015bci w obiekcie po godzinie 10:30 w dniu wyjazdu bez wcze\u015bniejszego ustalenia tego z w\u0142a\u015bcicielem, naliczona zostan\u0105 dodatkowa op\u0142ata w<br>wysoko\u015bci 50% warto\u015bci doby Hotelowej danego dnia<\/li>\n\n\n\n<li>Obiekt River House zastrzega sobie prawo do odmowy przed\u0142u\u017cenia pobytu Go\u015bcia w obiekcie w przypadku nieprzestrzegania regulamin\u00f3w i zasad korzystania z obiektu oraz us\u0142ug dodatkowych.<\/li>\n\n\n\n<li>W przypadku rezygnacji przez Go\u015bcia z dalszego pobytu w okresie obj\u0119tym<br>rezerwacj\u0105, z przyczyn niezale\u017cnych od obiektu River House , op\u0142ata za<br>niewykorzystane doby pobytowe nie podlega zwrotowi.<\/li>\n\n\n\n<li>Podstaw\u0105 zakwaterowania Go\u015bcia jest okazanie w\u0142a\u015bcicielowi lub opiekunowi RiverHouse dokumentu to\u017csamo\u015bci z fotografi\u0105 oraz podpisanie karty meldunkowej.<\/li>\n\n\n\n<li>Go\u015b\u0107 otrzymuje do swojej dyspozycji w momencie zakwaterowania w obiekcie RiverHouse komplet kluczy, kt\u00f3re zobowi\u0105zany jest zwr\u00f3ci\u0107 w dniu wyjazdu.<\/li>\n\n\n\n<li>Go\u015b\u0107 powinien niezw\u0142ocznie powiadomi\u0107 w\u0142a\u015bciciela lub opiekuna Obiektu o\u00a0utracie klucza dost\u0119pu do\u00a0pokoju.\u00a0<\/li>\n\n\n\n<li>Zgubienie klucza powoduje obowi\u0105zek uiszczenia zrycza\u0142towanej op\u0142aty w<br>wysoko\u015bci 100 PLN .<\/li>\n<\/ol>\n\n\n\n<p>4. Pobyt os\u00f3b z zewn\u0105trz<\/p>\n\n\n\n<ol class=\"wp-block-list\">\n<li>Go\u015b\u0107 nie\u00a0mo\u017ce przekazywa\u0107 apartamentu ani kluczy do apartamentu osobom<br>trzecim, kt\u00f3re nie s\u0105 obj\u0119te zakwaterowaniem. Je\u015bli Go\u015b\u0107 uzyska tak\u0105 zgod\u0119, pobyt os\u00f3b z zewn\u0105trz dozwolony jest tylko do godziny 21.00.<\/li>\n\n\n\n<li>Go\u015b\u0107 nie mo\u017ce bez zgody obiektu przyjmowa\u0107 na nocleg dodatkowych os\u00f3b.<\/li>\n\n\n\n<li>Ka\u017cdy przypadek naruszenie zakazu, o kt\u00f3rym mowa w punkcie 6 i punkcie 7<br>upowa\u017cnia obiekt do naliczenia kary umownej w kwocie 500 z\u0142 w stosunku do ka\u017cdej nieuprawnionej osoby i doby pobytowej, w kt\u00f3rej naruszenie nast\u0105pi\u0142o.<\/li>\n<\/ol>\n\n\n\n<p>5. Cisza Nocna<\/p>\n\n\n\n<ol class=\"wp-block-list\">\n<li>Na terenie ca\u0142ego obiektu obowi\u0105zuje cisza nocna od godziny 22.00 do 7.00 dnia nast\u0119pnego.<\/li>\n\n\n\n<li>Za\u00a0nieprzestrzeganie ciszy nocnej, zak\u0142o\u0301canie spokoju lub naruszanie zasad dobrego sa\u0328siedztwa Gos\u0301c\u0301 zostanie upomniany a wprzypadku braku rekacji obcia\u0328z\u0307ony dodatkowa\u0328 op\u0142ata\u0328 w\u00a0wysokos\u0301ci 500,00 PLN\/za kaz\u0307de naruszenie.<\/li>\n\n\n\n<li>W\u00a0przypadku, gdy\u00a0Gos\u0301c\u0301 w\u00a0sposo\u0301b znacza\u0328cy narusza spoko\u0301j i\/lub dobra sa\u0328siado\u0301w mimo zwr\u00f3conej uwagi i nie\u00a0przestrzega powszechnie stosowanych norm wspo\u0301\u0142z\u0307ycia mie\u0328dzy ludz\u0301mi oraz\u00a0zasad okres\u0301lonych w\u00a0niniejszym regulaminie lub przepiso\u0301w prawa, <\/li>\n\n\n\n<li>Obiekt zastrzega sobie prawo do\u00a0wypowiedzenia Gos\u0301ciowi pobytu w\u00a0apartamencie i\u00a0nie\u00a0jest wo\u0301wczas zobowia\u0328zany do\u00a0zwrotu pienie\u0328dzy za\u00a0niewykorzystany okres pobytu.<\/li>\n\n\n\n<li>W\u00a0przypadku naruszenia przez\u00a0Gos\u0301cia lub odwiedzaja\u0328cych go\u00a0oso\u0301b, zasad opisanych w\u00a0niniejszej regulaminie obs\u0142uga Obiektu ma\u00a0prawo wste\u0328pu do\u00a0apartamentu celem interwencji.<\/li>\n\n\n\n<li>W\u00a0przypadku interwencji z\u00a0powodu zak\u0142o\u0301cania ciszy nocnej Gos\u0301cie sa\u0328 zobowia\u0328zani do\u00a0natychmiastowego opuszczenia apartamentu i\u00a0oddania kluczy bez\u00a0prawa zwrotu uiszczonej op\u0142aty za\u00a0pobyt.<\/li>\n<\/ol>\n\n\n\n<p>6. Korzystanie z obiektu i odpowiedzialno\u015b\u0107 go\u015bci.<\/p>\n\n\n\n<ol class=\"wp-block-list\">\n<li>Przed rozpocz\u0119ciem pobytu obiekt River House udzieli Go\u015bciom informacji<br>odno\u015bcie obiektu, a tak\u017ce udzieli instrukcji dotycz\u0105cych obs\u0142ugi wybranych<br>urz\u0105dze\u0144 elektrycznych stanowi\u0105cych wyposa\u017cenie Apartament\u00f3w. Moment ten stanowi jednocze\u015bnie zapoznanie si\u0119 ze stanem technicznym oraz ilo\u015bciowym apartamentu i urz\u0105dze\u0144 w nim si\u0119 znajduj\u0105cych.<\/li>\n\n\n\n<li>Niezg\u0142oszenie uwag i zastrze\u017ce\u0144 co do stanu technicznego bezpo\u015brednio po<br>wej\u015bciu w posiadanie r\u00f3wnoznaczne jest z tym, \u017ce apartament zosta\u0142 oddany do u\u017cytku w stanie nie budz\u0105cym uwag i zastrze\u017ce\u0144 Go\u015bcia.<\/li>\n\n\n\n<li>Go\u015b\u0107, kt\u00f3ry umy\u015blnie lub przez przypadek zniszczy w\u0142asno\u015b\u0107 obiektu River House zobowi\u0105zany jest pokry\u0107 w ca\u0142o\u015bci zaistnia\u0142e koszt szkody.<\/li>\n\n\n\n<li>W okresie pobytu obs\u0142uga obiektu River House nie ma prawa bez zgody Go\u015bcia wchodzi\u0107 do wynaj\u0119tego domku, a tym bardziej przemieszczania jego osobistych rzeczy. Prawo wej\u015bcia do wynaj\u0119tego obiektu pozostawia si\u0119 jedynie w przypadku zauwa\u017cenia zagro\u017ce\u0144 bezpiecze\u0144stwa Go\u015bci lub w przypadku niestosowania si\u0119 Go\u015bci do regulaminu obiektu<\/li>\n\n\n\n<li>Wszelkie przedmioty ruchome znajduj\u0105ce si\u0119 na terenie obiektu River House a<br>zw\u0142aszcza wyposa\u017cenie apartament\u00f3w oraz meble ogrodowe , nale\u017c\u0105 do<br>w\u0142a\u015bciciela obiektu River House. Zabrania si\u0119 zabierania jakichkolwiek rzeczy.<\/li>\n\n\n\n<li>Go\u015b\u0107 zobowi\u0105zany jest po ka\u017cdorazowym opuszczeniu apartamentu do<br>zabezpieczenia pomieszcze\u0144 przed osobami obcymi, zw\u0142aszcza poprzez<br>zamkni\u0119cie drzwi.<\/li>\n\n\n\n<li>Zabronione jest u\u017cywanie r\u0119cznik\u00f3w k\u0105pielowych do&nbsp;czyszczenia obuwia<br>oraz&nbsp;czyszczenia jakichkolwiek innych, zabrudzonych przedmiot\u00f3w.<\/li>\n\n\n\n<li>Gos\u0301c\u0301 zobowia\u0328zuje sie\u0328 wykorzystywac\u0301 apartament jedynie do\u00a0celo\u0301w mieszkalnych \u2013 zabrania sie\u0328 organizowania imprez w\u00a0apartamencie. Za\u00a0zorganizowanie imprezy w\u00a0apartamencie Gos\u0301c\u0301 zobowia\u0328zany jest do\u00a0zap\u0142aty op\u0142aty dodatkowej w\u00a0wysokos\u0301ci 1.000,00 PLN.<\/li>\n\n\n\n<li>W&nbsp;apartamencie obowia\u0328zuje zakaz przemieszczania mebli i&nbsp;pozosta\u0142ego jego<br>wyposaz\u0307enia.<\/li>\n\n\n\n<li>W&nbsp;apartamencie obowia\u0328zuje ca\u0142kowity zakaz palenia tytoniu. W&nbsp;przypadku<br>stwierdzenia naruszenia tego zakazu Gos\u0301\u0107 zostanie obcia\u0328z\u017cony op\u0142ata\u0328<br>dodatkowa\u0328 w&nbsp;wysokos\u0301ci 300,00 PLN.<\/li>\n\n\n\n<li>Na\u00a0terenie Obiektu osoby w\u00a0wieku poni\u017cej 18 lat powinny znajdowa\u0107 si\u0119<br>pod\u00a0sta\u0142ym nadzorem opiekun\u00f3w prawnych. Opiekunowie prawni ponosi\u0107 b\u0119d\u0105<br>odpowiedzialno\u015b\u0107 materialn\u0105 za\u00a0wszelkie szkody przedmiot\u00f3w wyposa\u017cenia i\u00a0urz\u0105dze\u0144 technicznych powsta\u0142e w\u00a0wyniku dzia\u0142ania os\u00f3b b\u0119d\u0105cych pod\u00a0ich opiek\u0105.\u00a0<\/li>\n\n\n\n<li>Przedmioty pozostawione przez Go\u015bcia w obiekcie, po jego opuszczeniu, zostan\u0105 odes\u0142ane na koszt i ryzyko Go\u015bcia pod wskazany przez niego adres. W przypadku braku wskazania przez Go\u015bcia adresu, na kt\u00f3ry maj\u0105 by\u0107 odes\u0142ane pozostawione przedmioty lub w przypadku braku osobistego odbioru tych rzeczy przez Go\u015bcia w ci\u0105gu 3 dni od daty wyjazdu z obiektu, obs\u0142uga post\u0105pi z rzeczami stosownie do przepis\u00f3w ustawy o rzeczach znalezionych. Przechowania pozostawionych przedmiot\u00f3w nast\u0119puje na koszt i ryzyko w\u0142a\u015bciciela. Ze wzgl\u0119du na swoje w\u0142a\u015bciwo\u015bci artyku\u0142y spo\u017cywcze przechowywane b\u0119d\u0105 przez okres 24 godzin po czym podlega\u0107 b\u0119d\u0105 utylizacji.<\/li>\n\n\n\n<li>Na terenie obiektu River House dopuszcza si\u0119 parkowanie pojazd\u00f3w w miejscu wyznaczonym do postoju pojazd\u00f3w (parking niestrze\u017cony).<\/li>\n\n\n\n<li>Go\u015b\u0107 zobowi\u0105zany jest do poszanowania zieleni na terenie obiektu River House zw\u0142aszcza nie uszkadza\u0107 drzew, krzew\u00f3w, \u0142\u0105k kwietnych oraz nie zrywa\u0107 bez zgody w\u0142a\u015bciciela obiektu owoc\u00f3w i warzyw z ogr\u00f3dka<\/li>\n\n\n\n<li>Go\u015b\u0107 oraz osoby, za kt\u00f3re ponosi on odpowiedzialno\u015b\u0107, zobowi\u0105zani s\u0105 przestrzega\u0107 zasad bezpiecze\u0144stwa i przepis\u00f3w prawa, a w szczeg\u00f3lno\u015bci: przepisy BHP, prawa miejscowego dotycz\u0105cego op\u0142aty miejscowej, przepisy przeciwpo\u017carowe, postanowienia niniejszego regulaminu, a w sytuacjach wyj\u0105tkowych zobowi\u0105zuj\u0105 si\u0119 stosowa\u0107 do polece\u0144 obs\u0142ugi czy w\u0142a\u015bciciela obiektu RiverHouse<\/li>\n<\/ol>\n\n\n\n<ol class=\"wp-block-list\" start=\"12\"><\/ol>\n\n\n\n<p>7. Zwierz\u0119ta:<\/p>\n\n\n\n<ol class=\"wp-block-list\">\n<li>Obiekt River House nie akceptuje pobytu w obiekcie zwierz\u0105t, w tym zwierz\u0105t<br>domowych, tj. mi\u0119dzy innymi psa lub kota.<\/li>\n\n\n\n<li>Niestosowanie si\u0119 do zakazu b\u0119dzie skutkowa\u0142o obowi\u0105zkiem zap\u0142aty przez Go\u015bcia kary umownej w wysoko\u015bci 1000 z\u0142 za ka\u017cdy ujawniony przypadek<br>nieprzestrzegania zakazu przez Go\u015bcia lub osoby trzecie, za kt\u00f3re ponosi on<br>odpowiedzialno\u015bci.<\/li>\n<\/ol>\n\n\n\n<p>8. Postanowienia ko\u0144cowe:<\/p>\n\n\n\n<p>Do wszelkich spraw nieuregulowanych w niniejszym Regulaminie b\u0119d\u0105 mia\u0142y zastosowanie przepisy prawa powszechnie obowi\u0105zuj\u0105cego.<\/p>\n","protected":false},"excerpt":{"rendered":"<p>REGULAMIN POBYTU 2. Rezerwacja pobytu i p\u0142atno\u015bci. 3. Zameldowanie 4. Pobyt os\u00f3b z zewn\u0105trz 5. Cisza Nocna 6. Korzystanie z obiektu i odpowiedzialno\u015b\u0107 go\u015bci. 7. Zwierz\u0119ta: 8. Postanowienia ko\u0144cowe: Do wszelkich spraw nieuregulowanych w niniejszym Regulaminie b\u0119d\u0105 mia\u0142y zastosowanie przepisy prawa powszechnie obowi\u0105zuj\u0105cego.<\/p>\n","protected":false},"author":1,"featured_media":0,"parent":47,"menu_order":0,"comment_status":"closed","ping_status":"closed","template":"","meta":{"footnotes":""},"class_list":["post-53","page","type-page","status-publish","hentry"],"_links":{"self":[{"href":"https:\/\/riverhouse.com.pl\/index.php\/wp-json\/wp\/v2\/pages\/53","targetHints":{"allow":["GET"]}}],"collection":[{"href":"https:\/\/riverhouse.com.pl\/index.php\/wp-json\/wp\/v2\/pages"}],"about":[{"href":"https:\/\/riverhouse.com.pl\/index.php\/wp-json\/wp\/v2\/types\/page"}],"author":[{"embeddable":true,"href":"https:\/\/riverhouse.com.pl\/index.php\/wp-json\/wp\/v2\/users\/1"}],"replies":[{"embeddable":true,"href":"https:\/\/riverhouse.com.pl\/index.php\/wp-json\/wp\/v2\/comments?post=53"}],"version-history":[{"count":10,"href":"https:\/\/riverhouse.com.pl\/index.php\/wp-json\/wp\/v2\/pages\/53\/revisions"}],"predecessor-version":[{"id":292,"href":"https:\/\/riverhouse.com.pl\/index.php\/wp-json\/wp\/v2\/pages\/53\/revisions\/292"}],"up":[{"embeddable":true,"href":"https:\/\/riverhouse.com.pl\/index.php\/wp-json\/wp\/v2\/pages\/47"}],"wp:attachment":[{"href":"https:\/\/riverhouse.com.pl\/index.php\/wp-json\/wp\/v2\/media?parent=53"}],"curies":[{"name":"wp","href":"https:\/\/api.w.org\/{rel}","templated":true}]}}