{"id":62,"date":"2023-03-12T17:57:26","date_gmt":"2023-03-12T17:57:26","guid":{"rendered":"http:\/\/riverhouse.com.pl\/?page_id=62"},"modified":"2023-06-24T08:34:53","modified_gmt":"2023-06-24T08:34:53","slug":"apartament-na-lewo","status":"publish","type":"page","link":"https:\/\/riverhouse.com.pl\/index.php\/pokoje\/apartament-na-lewo\/","title":{"rendered":"APARTAMENT STONE"},"content":{"rendered":"\n<p>Wn\u0119trze dedykowane jest dw\u00f3m osobom,\u00a0 urz\u0105dzone z\u00a0 zachowaniem oryginalnego poniemieckiego sufitu, bo kochamy drewno i naturalne surowce. Urz\u0105dzone w odcieniach szaro\u015bci z kamienn\u0105 \u0142azienk\u0105 ze starym tynkiem, lekko prze\u0142amane czerni\u0105. Apartament sk\u0142ada si\u0119 z\u00a0 pokoju z du\u017cym \u0142\u00f3\u017ckiem ma\u0142\u017ce\u0144skim,\u00a0 po\u0142\u0105czonym z ma\u0142ym aneksem kuchennym, z okna widok na g\u00f3ry. W d\u0142ugim korytarzu starej podbud\u00f3wki schowana jest\u00a0 nietypowa \u0142azienka z prysznicem, gdzie podczas ciep\u0142ych, letnich dni \u00a0stopy ch\u0142odzi zimna posadzka, a otwieraj\u0105c okno mo\u017cna bra\u0107 prysznic\u00a0 s\u0142uchaj\u0105c \u015bpiewu ptak\u00f3w.<\/p>\n\n\n\n<p>Powierzchnia ca\u0142kowita apartamentu:<\/p>\n\n\n\n<p>Pok\u00f3j: \u0142\u00f3\u017cko o wymiarach 160&#215;200,  stolik nocny, telewizor lampka nocna, st\u00f3\u0142 z dwoma krzes\u0142ami, du\u017ce okno z widokiem na obryw skalny, szafa, kt\u00f3ra pomie\u015bci ciuchy i walizki.<\/p>\n\n\n\n<p>Aneks kuchenny: sk\u0142ada si\u0119 ze zlewu, czajnika bezprzewodowego, lod\u00f3wki z zamra\u017cark\u0105. W szufladach: talerze, kubki, szklanki, kieliszki,\u00a0 drobne akcesoria kuchenne, \u015bmietnik. Zmywarki nie mamy, ale g\u0105bki z p\u0142ynem i \u015bciereczki zapewniamy. <\/p>\n\n\n\n<p>Przedpok\u00f3j: z hakami na kurtki robionymi przez w\u0142a\u015bciciela oraz przesuwnymi drzwiami do \u0142azienki.<\/p>\n\n\n\n<p>\u0141azienka: du\u017ca kabina prysznicowa, toaleta, umywalka \u0142azienkowa, myd\u0142o do r\u0105k, r\u0119czniki, lustro.<\/p>\n\n\n\n<p>Do dyspozycji go\u015bci na terenie obiektu znajduje si\u0119: bezp\u0142atny parking, og\u00f3lnodost\u0119pna wiata z meblami ogrodowymi, grill, le\u017caki, internet WI-FI.<\/p>\n\n\n\n<figure class=\"wp-block-gallery has-nested-images columns-default is-cropped wp-block-gallery-1 is-layout-flex wp-block-gallery-is-layout-flex\">\n<figure class=\"wp-block-image size-large\"><a href=\"https:\/\/riverhouse.com.pl\/wp-content\/uploads\/2023\/06\/G1-scaled.jpg\"><img loading=\"lazy\" decoding=\"async\" width=\"768\" height=\"1024\" data-id=\"213\" src=\"https:\/\/riverhouse.com.pl\/wp-content\/uploads\/2023\/06\/G1-768x1024.jpg\" alt=\"\" class=\"wp-image-213\" srcset=\"https:\/\/riverhouse.com.pl\/wp-content\/uploads\/2023\/06\/G1-768x1024.jpg 768w, https:\/\/riverhouse.com.pl\/wp-content\/uploads\/2023\/06\/G1-225x300.jpg 225w, https:\/\/riverhouse.com.pl\/wp-content\/uploads\/2023\/06\/G1-1152x1536.jpg 1152w, https:\/\/riverhouse.com.pl\/wp-content\/uploads\/2023\/06\/G1-1536x2048.jpg 1536w, https:\/\/riverhouse.com.pl\/wp-content\/uploads\/2023\/06\/G1-scaled.jpg 1920w\" sizes=\"auto, (max-width: 768px) 100vw, 768px\" \/><\/a><\/figure>\n\n\n\n<figure class=\"wp-block-image aligncenter size-large is-style-default\"><a href=\"https:\/\/riverhouse.com.pl\/wp-content\/uploads\/2023\/06\/G2-scaled.jpg\"><img loading=\"lazy\" decoding=\"async\" width=\"1024\" height=\"768\" data-id=\"214\" src=\"https:\/\/riverhouse.com.pl\/wp-content\/uploads\/2023\/06\/G2-1024x768.jpg\" alt=\"\" class=\"wp-image-214\" srcset=\"https:\/\/riverhouse.com.pl\/wp-content\/uploads\/2023\/06\/G2-1024x768.jpg 1024w, https:\/\/riverhouse.com.pl\/wp-content\/uploads\/2023\/06\/G2-300x225.jpg 300w, https:\/\/riverhouse.com.pl\/wp-content\/uploads\/2023\/06\/G2-768x576.jpg 768w, https:\/\/riverhouse.com.pl\/wp-content\/uploads\/2023\/06\/G2-1536x1152.jpg 1536w, https:\/\/riverhouse.com.pl\/wp-content\/uploads\/2023\/06\/G2-2048x1536.jpg 2048w\" sizes=\"auto, (max-width: 1024px) 100vw, 1024px\" \/><\/a><\/figure>\n\n\n\n<figure class=\"wp-block-image size-large\"><a href=\"https:\/\/riverhouse.com.pl\/wp-content\/uploads\/2023\/06\/G3-scaled.jpg\"><img loading=\"lazy\" decoding=\"async\" width=\"768\" height=\"1024\" data-id=\"215\" src=\"https:\/\/riverhouse.com.pl\/wp-content\/uploads\/2023\/06\/G3-768x1024.jpg\" alt=\"\" class=\"wp-image-215\" srcset=\"https:\/\/riverhouse.com.pl\/wp-content\/uploads\/2023\/06\/G3-768x1024.jpg 768w, https:\/\/riverhouse.com.pl\/wp-content\/uploads\/2023\/06\/G3-225x300.jpg 225w, https:\/\/riverhouse.com.pl\/wp-content\/uploads\/2023\/06\/G3-1152x1536.jpg 1152w, https:\/\/riverhouse.com.pl\/wp-content\/uploads\/2023\/06\/G3-1536x2048.jpg 1536w, https:\/\/riverhouse.com.pl\/wp-content\/uploads\/2023\/06\/G3-scaled.jpg 1920w\" sizes=\"auto, (max-width: 768px) 100vw, 768px\" \/><\/a><\/figure>\n\n\n\n<figure class=\"wp-block-image size-large\"><a href=\"https:\/\/riverhouse.com.pl\/wp-content\/uploads\/2023\/06\/G4-scaled.jpg\"><img loading=\"lazy\" decoding=\"async\" width=\"768\" height=\"1024\" data-id=\"216\" src=\"https:\/\/riverhouse.com.pl\/wp-content\/uploads\/2023\/06\/G4-768x1024.jpg\" alt=\"\" class=\"wp-image-216\" srcset=\"https:\/\/riverhouse.com.pl\/wp-content\/uploads\/2023\/06\/G4-768x1024.jpg 768w, https:\/\/riverhouse.com.pl\/wp-content\/uploads\/2023\/06\/G4-225x300.jpg 225w, https:\/\/riverhouse.com.pl\/wp-content\/uploads\/2023\/06\/G4-1152x1536.jpg 1152w, https:\/\/riverhouse.com.pl\/wp-content\/uploads\/2023\/06\/G4-1536x2048.jpg 1536w, https:\/\/riverhouse.com.pl\/wp-content\/uploads\/2023\/06\/G4-scaled.jpg 1920w\" sizes=\"auto, (max-width: 768px) 100vw, 768px\" \/><\/a><\/figure>\n\n\n\n<figure class=\"wp-block-image size-large\"><img loading=\"lazy\" decoding=\"async\" width=\"768\" height=\"1024\" data-id=\"217\" src=\"https:\/\/riverhouse.com.pl\/wp-content\/uploads\/2023\/06\/G5-768x1024.jpg\" alt=\"\" class=\"wp-image-217\" srcset=\"https:\/\/riverhouse.com.pl\/wp-content\/uploads\/2023\/06\/G5-768x1024.jpg 768w, https:\/\/riverhouse.com.pl\/wp-content\/uploads\/2023\/06\/G5-225x300.jpg 225w, https:\/\/riverhouse.com.pl\/wp-content\/uploads\/2023\/06\/G5-1152x1536.jpg 1152w, https:\/\/riverhouse.com.pl\/wp-content\/uploads\/2023\/06\/G5-1536x2048.jpg 1536w, https:\/\/riverhouse.com.pl\/wp-content\/uploads\/2023\/06\/G5-scaled.jpg 1920w\" sizes=\"auto, (max-width: 768px) 100vw, 768px\" \/><\/figure>\n\n\n\n<figure class=\"wp-block-image size-large\"><img loading=\"lazy\" decoding=\"async\" width=\"1024\" height=\"768\" data-id=\"218\" src=\"https:\/\/riverhouse.com.pl\/wp-content\/uploads\/2023\/06\/G6-1024x768.jpg\" alt=\"\" class=\"wp-image-218\" srcset=\"https:\/\/riverhouse.com.pl\/wp-content\/uploads\/2023\/06\/G6-1024x768.jpg 1024w, https:\/\/riverhouse.com.pl\/wp-content\/uploads\/2023\/06\/G6-300x225.jpg 300w, https:\/\/riverhouse.com.pl\/wp-content\/uploads\/2023\/06\/G6-768x576.jpg 768w, https:\/\/riverhouse.com.pl\/wp-content\/uploads\/2023\/06\/G6-1536x1152.jpg 1536w, https:\/\/riverhouse.com.pl\/wp-content\/uploads\/2023\/06\/G6-2048x1536.jpg 2048w\" sizes=\"auto, (max-width: 1024px) 100vw, 1024px\" \/><\/figure>\n<\/figure>\n\n\n\n<figure class=\"wp-block-gallery has-nested-images columns-default is-cropped wp-block-gallery-2 is-layout-flex wp-block-gallery-is-layout-flex\">\n<figure class=\"wp-block-image size-large\"><img loading=\"lazy\" decoding=\"async\" width=\"768\" height=\"1024\" data-id=\"222\" src=\"https:\/\/riverhouse.com.pl\/wp-content\/uploads\/2023\/06\/G7-768x1024.jpg\" alt=\"\" class=\"wp-image-222\" srcset=\"https:\/\/riverhouse.com.pl\/wp-content\/uploads\/2023\/06\/G7-768x1024.jpg 768w, https:\/\/riverhouse.com.pl\/wp-content\/uploads\/2023\/06\/G7-225x300.jpg 225w, https:\/\/riverhouse.com.pl\/wp-content\/uploads\/2023\/06\/G7-1152x1536.jpg 1152w, https:\/\/riverhouse.com.pl\/wp-content\/uploads\/2023\/06\/G7-1536x2048.jpg 1536w, https:\/\/riverhouse.com.pl\/wp-content\/uploads\/2023\/06\/G7-scaled.jpg 1920w\" sizes=\"auto, (max-width: 768px) 100vw, 768px\" \/><\/figure>\n\n\n\n<figure class=\"wp-block-image size-large\"><img loading=\"lazy\" decoding=\"async\" width=\"768\" height=\"1024\" data-id=\"220\" src=\"https:\/\/riverhouse.com.pl\/wp-content\/uploads\/2023\/06\/G8-768x1024.jpg\" alt=\"\" class=\"wp-image-220\" srcset=\"https:\/\/riverhouse.com.pl\/wp-content\/uploads\/2023\/06\/G8-768x1024.jpg 768w, https:\/\/riverhouse.com.pl\/wp-content\/uploads\/2023\/06\/G8-225x300.jpg 225w, https:\/\/riverhouse.com.pl\/wp-content\/uploads\/2023\/06\/G8-1152x1536.jpg 1152w, https:\/\/riverhouse.com.pl\/wp-content\/uploads\/2023\/06\/G8-1536x2048.jpg 1536w, https:\/\/riverhouse.com.pl\/wp-content\/uploads\/2023\/06\/G8-scaled.jpg 1920w\" sizes=\"auto, (max-width: 768px) 100vw, 768px\" \/><\/figure>\n\n\n\n<figure class=\"wp-block-image size-large\"><img loading=\"lazy\" decoding=\"async\" width=\"768\" height=\"1024\" data-id=\"226\" src=\"https:\/\/riverhouse.com.pl\/wp-content\/uploads\/2023\/06\/G9-1-768x1024.jpg\" alt=\"\" class=\"wp-image-226\" srcset=\"https:\/\/riverhouse.com.pl\/wp-content\/uploads\/2023\/06\/G9-1-768x1024.jpg 768w, https:\/\/riverhouse.com.pl\/wp-content\/uploads\/2023\/06\/G9-1-225x300.jpg 225w, https:\/\/riverhouse.com.pl\/wp-content\/uploads\/2023\/06\/G9-1-1152x1536.jpg 1152w, https:\/\/riverhouse.com.pl\/wp-content\/uploads\/2023\/06\/G9-1-1536x2048.jpg 1536w, https:\/\/riverhouse.com.pl\/wp-content\/uploads\/2023\/06\/G9-1-scaled.jpg 1920w\" sizes=\"auto, (max-width: 768px) 100vw, 768px\" \/><\/figure>\n<\/figure>\n\n\n\n<figure class=\"wp-block-gallery has-nested-images columns-default is-cropped wp-block-gallery-3 is-layout-flex wp-block-gallery-is-layout-flex\">\n<figure class=\"wp-block-image size-large\"><img loading=\"lazy\" decoding=\"async\" width=\"768\" height=\"1024\" data-id=\"225\" src=\"https:\/\/riverhouse.com.pl\/wp-content\/uploads\/2023\/06\/G10-768x1024.jpg\" alt=\"\" class=\"wp-image-225\" srcset=\"https:\/\/riverhouse.com.pl\/wp-content\/uploads\/2023\/06\/G10-768x1024.jpg 768w, https:\/\/riverhouse.com.pl\/wp-content\/uploads\/2023\/06\/G10-225x300.jpg 225w, https:\/\/riverhouse.com.pl\/wp-content\/uploads\/2023\/06\/G10-1152x1536.jpg 1152w, https:\/\/riverhouse.com.pl\/wp-content\/uploads\/2023\/06\/G10-1536x2048.jpg 1536w, https:\/\/riverhouse.com.pl\/wp-content\/uploads\/2023\/06\/G10-scaled.jpg 1920w\" sizes=\"auto, (max-width: 768px) 100vw, 768px\" \/><\/figure>\n\n\n\n<figure class=\"wp-block-image size-large\"><img loading=\"lazy\" decoding=\"async\" width=\"768\" height=\"1024\" data-id=\"229\" src=\"https:\/\/riverhouse.com.pl\/wp-content\/uploads\/2023\/06\/G11-1-768x1024.jpg\" alt=\"\" class=\"wp-image-229\" srcset=\"https:\/\/riverhouse.com.pl\/wp-content\/uploads\/2023\/06\/G11-1-768x1024.jpg 768w, https:\/\/riverhouse.com.pl\/wp-content\/uploads\/2023\/06\/G11-1-225x300.jpg 225w, https:\/\/riverhouse.com.pl\/wp-content\/uploads\/2023\/06\/G11-1-1152x1536.jpg 1152w, https:\/\/riverhouse.com.pl\/wp-content\/uploads\/2023\/06\/G11-1-1536x2048.jpg 1536w, https:\/\/riverhouse.com.pl\/wp-content\/uploads\/2023\/06\/G11-1-scaled.jpg 1920w\" sizes=\"auto, (max-width: 768px) 100vw, 768px\" \/><\/figure>\n\n\n\n<figure class=\"wp-block-image size-large\"><img loading=\"lazy\" decoding=\"async\" width=\"768\" height=\"1024\" data-id=\"228\" src=\"https:\/\/riverhouse.com.pl\/wp-content\/uploads\/2023\/06\/G12-1-768x1024.jpg\" alt=\"\" class=\"wp-image-228\" srcset=\"https:\/\/riverhouse.com.pl\/wp-content\/uploads\/2023\/06\/G12-1-768x1024.jpg 768w, https:\/\/riverhouse.com.pl\/wp-content\/uploads\/2023\/06\/G12-1-225x300.jpg 225w, https:\/\/riverhouse.com.pl\/wp-content\/uploads\/2023\/06\/G12-1-1152x1536.jpg 1152w, https:\/\/riverhouse.com.pl\/wp-content\/uploads\/2023\/06\/G12-1-1536x2048.jpg 1536w, https:\/\/riverhouse.com.pl\/wp-content\/uploads\/2023\/06\/G12-1-scaled.jpg 1920w\" sizes=\"auto, (max-width: 768px) 100vw, 768px\" \/><\/figure>\n<\/figure>\n","protected":false},"excerpt":{"rendered":"<p>Wn\u0119trze dedykowane jest dw\u00f3m osobom,\u00a0 urz\u0105dzone z\u00a0 zachowaniem oryginalnego poniemieckiego sufitu, bo kochamy drewno i naturalne surowce. Urz\u0105dzone w odcieniach szaro\u015bci z kamienn\u0105 \u0142azienk\u0105 ze starym tynkiem, lekko prze\u0142amane czerni\u0105. Apartament sk\u0142ada si\u0119 z\u00a0 pokoju z du\u017cym \u0142\u00f3\u017ckiem ma\u0142\u017ce\u0144skim,\u00a0 po\u0142\u0105czonym z ma\u0142ym aneksem kuchennym, z okna widok na g\u00f3ry. W d\u0142ugim korytarzu starej podbud\u00f3wki schowana [&hellip;]<\/p>\n","protected":false},"author":1,"featured_media":0,"parent":27,"menu_order":0,"comment_status":"closed","ping_status":"closed","template":"","meta":{"footnotes":""},"class_list":["post-62","page","type-page","status-publish","hentry"],"_links":{"self":[{"href":"https:\/\/riverhouse.com.pl\/index.php\/wp-json\/wp\/v2\/pages\/62","targetHints":{"allow":["GET"]}}],"collection":[{"href":"https:\/\/riverhouse.com.pl\/index.php\/wp-json\/wp\/v2\/pages"}],"about":[{"href":"https:\/\/riverhouse.com.pl\/index.php\/wp-json\/wp\/v2\/types\/page"}],"author":[{"embeddable":true,"href":"https:\/\/riverhouse.com.pl\/index.php\/wp-json\/wp\/v2\/users\/1"}],"replies":[{"embeddable":true,"href":"https:\/\/riverhouse.com.pl\/index.php\/wp-json\/wp\/v2\/comments?post=62"}],"version-history":[{"count":10,"href":"https:\/\/riverhouse.com.pl\/index.php\/wp-json\/wp\/v2\/pages\/62\/revisions"}],"predecessor-version":[{"id":264,"href":"https:\/\/riverhouse.com.pl\/index.php\/wp-json\/wp\/v2\/pages\/62\/revisions\/264"}],"up":[{"embeddable":true,"href":"https:\/\/riverhouse.com.pl\/index.php\/wp-json\/wp\/v2\/pages\/27"}],"wp:attachment":[{"href":"https:\/\/riverhouse.com.pl\/index.php\/wp-json\/wp\/v2\/media?parent=62"}],"curies":[{"name":"wp","href":"https:\/\/api.w.org\/{rel}","templated":true}]}}