{"id":64,"date":"2023-03-12T17:57:50","date_gmt":"2023-03-12T17:57:50","guid":{"rendered":"http:\/\/riverhouse.com.pl\/?page_id=64"},"modified":"2023-06-24T08:27:06","modified_gmt":"2023-06-24T08:27:06","slug":"apartament-na-prawo","status":"publish","type":"page","link":"https:\/\/riverhouse.com.pl\/index.php\/pokoje\/apartament-na-prawo\/","title":{"rendered":"APARTAMENT WOOD"},"content":{"rendered":"\n<p>Wn\u0119trze dedykowane jest 2 lub 4 osobom, \u00a0urz\u0105dzone z zachowaniem oryginalnych poniemieckich desek i belek na sufitach &#8211; bo kochamy drewno i naturalne surowce. Ubrane w subtelne stonowane barwy,\u00a0 prze\u0142amane industrialn\u0105\u00a0 czerni\u0105 . Apartament sk\u0142ada si\u0119 z\u00a0 osobnej sypialni z \u0142\u00f3\u017ckiem ma\u0142\u017ce\u0144skim, \u0142azienki z prysznicem oraz salonu po\u0142\u0105czonego z pe\u0142nym aneksem kuchennym.\u00a0 We wszystkich pomieszczeniach s\u0105 du\u017ce okna z roletami.\u00a0 Z sypialni rozpo\u015bciera si\u0119 widok na obryw skalny z krzy\u017cem. Apartament po\u0142o\u017cony jest na parterze budynku. <\/p>\n\n\n\n<p>Powierzchnia ca\u0142kowita apartamentu:<\/p>\n\n\n\n<p>Sypialnia: \u0142\u00f3\u017cko o wymiarach 140&#215;200, stolik nocny, kinkiety nad \u0142\u00f3\u017ckiem.<\/p>\n\n\n\n<p>Salon: st\u00f3\u0142 z dwoma odrestaurowanymi sto\u0142kami, telewizor, szafa na ubrania i walizki,\u00a0 rozk\u0142adana sofa z mo\u017cliwo\u015bci\u0105 spania o wymiarach 130x 200 cm, stoliki kawowe, haki\u00a0 na kurtki robione przez gospodarza oraz pi\u0119kna gra\u00a0 \u015bwiat\u0142a w s\u0142oneczne dni.<\/p>\n\n\n\n<p>Aneks kuchenny: sk\u0142ada si\u0119 ze zlewu, p\u0142yty ceramicznej z dwoma palnikami, czajnika bezprzewodowego, lod\u00f3wki z zamra\u017cark\u0105. W szafkach wszystko dla wi\u0119kszych i mniejszych amator\u00f3w gotowania: patelnia, garnki, sztu\u0107ce, talerze, miski, miseczki, kubki i szklanki, kieliszki, akcesoria kuchenne. Zmywarki nie mamy, ale g\u0105bki z p\u0142ynem i \u015bciereczki zapewniamy. <\/p>\n\n\n\n<p>\u0141azienka: du\u017ca kabina prysznicowa, toaleta, umywalka \u0142azienkowa, myd\u0142o do r\u0105k, r\u0119czniki, lustro.<\/p>\n\n\n\n<p>Do dyspozycji go\u015bci na terenie obiektu znajduje si\u0119: bezp\u0142atny parking, og\u00f3lnodost\u0119pna wiata z meblami ogrodowymi, grill, le\u017caki, internet WI-FI.<\/p>\n\n\n\n<figure class=\"wp-block-gallery has-nested-images columns-default is-cropped wp-block-gallery-1 is-layout-flex wp-block-gallery-is-layout-flex\">\n<figure class=\"wp-block-image size-large\"><img loading=\"lazy\" decoding=\"async\" width=\"768\" height=\"1024\" data-id=\"194\" src=\"https:\/\/riverhouse.com.pl\/wp-content\/uploads\/2023\/06\/L4-1-768x1024.jpg\" alt=\"\" class=\"wp-image-194\" srcset=\"https:\/\/riverhouse.com.pl\/wp-content\/uploads\/2023\/06\/L4-1-768x1024.jpg 768w, https:\/\/riverhouse.com.pl\/wp-content\/uploads\/2023\/06\/L4-1-225x300.jpg 225w, https:\/\/riverhouse.com.pl\/wp-content\/uploads\/2023\/06\/L4-1-1152x1536.jpg 1152w, https:\/\/riverhouse.com.pl\/wp-content\/uploads\/2023\/06\/L4-1-1536x2048.jpg 1536w, https:\/\/riverhouse.com.pl\/wp-content\/uploads\/2023\/06\/L4-1-scaled.jpg 1920w\" sizes=\"auto, (max-width: 768px) 100vw, 768px\" \/><\/figure>\n\n\n\n<figure class=\"wp-block-image size-large\"><img loading=\"lazy\" decoding=\"async\" width=\"768\" height=\"1024\" data-id=\"195\" src=\"https:\/\/riverhouse.com.pl\/wp-content\/uploads\/2023\/06\/L5-1-768x1024.jpg\" alt=\"\" class=\"wp-image-195\" srcset=\"https:\/\/riverhouse.com.pl\/wp-content\/uploads\/2023\/06\/L5-1-768x1024.jpg 768w, https:\/\/riverhouse.com.pl\/wp-content\/uploads\/2023\/06\/L5-1-225x300.jpg 225w, https:\/\/riverhouse.com.pl\/wp-content\/uploads\/2023\/06\/L5-1-1152x1536.jpg 1152w, https:\/\/riverhouse.com.pl\/wp-content\/uploads\/2023\/06\/L5-1-1536x2048.jpg 1536w, https:\/\/riverhouse.com.pl\/wp-content\/uploads\/2023\/06\/L5-1-scaled.jpg 1920w\" sizes=\"auto, (max-width: 768px) 100vw, 768px\" \/><\/figure>\n\n\n\n<figure class=\"wp-block-image size-large\"><img loading=\"lazy\" decoding=\"async\" width=\"768\" height=\"1024\" data-id=\"197\" src=\"https:\/\/riverhouse.com.pl\/wp-content\/uploads\/2023\/06\/L6-2-768x1024.jpg\" alt=\"\" class=\"wp-image-197\" srcset=\"https:\/\/riverhouse.com.pl\/wp-content\/uploads\/2023\/06\/L6-2-768x1024.jpg 768w, https:\/\/riverhouse.com.pl\/wp-content\/uploads\/2023\/06\/L6-2-225x300.jpg 225w, https:\/\/riverhouse.com.pl\/wp-content\/uploads\/2023\/06\/L6-2-1152x1536.jpg 1152w, https:\/\/riverhouse.com.pl\/wp-content\/uploads\/2023\/06\/L6-2-1536x2048.jpg 1536w, https:\/\/riverhouse.com.pl\/wp-content\/uploads\/2023\/06\/L6-2-scaled.jpg 1920w\" sizes=\"auto, (max-width: 768px) 100vw, 768px\" \/><\/figure>\n\n\n\n<figure class=\"wp-block-image size-large\"><img loading=\"lazy\" decoding=\"async\" width=\"768\" height=\"1024\" data-id=\"193\" src=\"https:\/\/riverhouse.com.pl\/wp-content\/uploads\/2023\/06\/L3-1-768x1024.jpg\" alt=\"\" class=\"wp-image-193\" srcset=\"https:\/\/riverhouse.com.pl\/wp-content\/uploads\/2023\/06\/L3-1-768x1024.jpg 768w, https:\/\/riverhouse.com.pl\/wp-content\/uploads\/2023\/06\/L3-1-225x300.jpg 225w, https:\/\/riverhouse.com.pl\/wp-content\/uploads\/2023\/06\/L3-1-1152x1536.jpg 1152w, https:\/\/riverhouse.com.pl\/wp-content\/uploads\/2023\/06\/L3-1-1536x2048.jpg 1536w, https:\/\/riverhouse.com.pl\/wp-content\/uploads\/2023\/06\/L3-1-scaled.jpg 1920w\" sizes=\"auto, (max-width: 768px) 100vw, 768px\" \/><\/figure>\n\n\n\n<figure class=\"wp-block-image size-large\"><img loading=\"lazy\" decoding=\"async\" width=\"768\" height=\"1024\" data-id=\"192\" src=\"https:\/\/riverhouse.com.pl\/wp-content\/uploads\/2023\/06\/L2-1-768x1024.jpg\" alt=\"\" class=\"wp-image-192\" srcset=\"https:\/\/riverhouse.com.pl\/wp-content\/uploads\/2023\/06\/L2-1-768x1024.jpg 768w, https:\/\/riverhouse.com.pl\/wp-content\/uploads\/2023\/06\/L2-1-225x300.jpg 225w, https:\/\/riverhouse.com.pl\/wp-content\/uploads\/2023\/06\/L2-1-1152x1536.jpg 1152w, https:\/\/riverhouse.com.pl\/wp-content\/uploads\/2023\/06\/L2-1-1536x2048.jpg 1536w, https:\/\/riverhouse.com.pl\/wp-content\/uploads\/2023\/06\/L2-1-scaled.jpg 1920w\" sizes=\"auto, (max-width: 768px) 100vw, 768px\" \/><\/figure>\n\n\n\n<figure class=\"wp-block-image size-large\"><img loading=\"lazy\" decoding=\"async\" width=\"768\" height=\"1024\" data-id=\"191\" src=\"https:\/\/riverhouse.com.pl\/wp-content\/uploads\/2023\/06\/L1-1-768x1024.jpg\" alt=\"\" class=\"wp-image-191\" srcset=\"https:\/\/riverhouse.com.pl\/wp-content\/uploads\/2023\/06\/L1-1-768x1024.jpg 768w, https:\/\/riverhouse.com.pl\/wp-content\/uploads\/2023\/06\/L1-1-225x300.jpg 225w, https:\/\/riverhouse.com.pl\/wp-content\/uploads\/2023\/06\/L1-1-1152x1536.jpg 1152w, https:\/\/riverhouse.com.pl\/wp-content\/uploads\/2023\/06\/L1-1-1536x2048.jpg 1536w, https:\/\/riverhouse.com.pl\/wp-content\/uploads\/2023\/06\/L1-1-scaled.jpg 1920w\" sizes=\"auto, (max-width: 768px) 100vw, 768px\" \/><\/figure>\n\n\n\n<figure class=\"wp-block-image size-large\"><img loading=\"lazy\" decoding=\"async\" width=\"768\" height=\"1024\" data-id=\"198\" src=\"https:\/\/riverhouse.com.pl\/wp-content\/uploads\/2023\/06\/L7-1-768x1024.jpg\" alt=\"\" class=\"wp-image-198\" srcset=\"https:\/\/riverhouse.com.pl\/wp-content\/uploads\/2023\/06\/L7-1-768x1024.jpg 768w, https:\/\/riverhouse.com.pl\/wp-content\/uploads\/2023\/06\/L7-1-225x300.jpg 225w, https:\/\/riverhouse.com.pl\/wp-content\/uploads\/2023\/06\/L7-1-1152x1536.jpg 1152w, https:\/\/riverhouse.com.pl\/wp-content\/uploads\/2023\/06\/L7-1-1536x2048.jpg 1536w, https:\/\/riverhouse.com.pl\/wp-content\/uploads\/2023\/06\/L7-1-scaled.jpg 1920w\" sizes=\"auto, (max-width: 768px) 100vw, 768px\" \/><\/figure>\n\n\n\n<figure class=\"wp-block-image size-large\"><img loading=\"lazy\" decoding=\"async\" width=\"768\" height=\"1024\" data-id=\"199\" src=\"https:\/\/riverhouse.com.pl\/wp-content\/uploads\/2023\/06\/L8-1-768x1024.jpg\" alt=\"\" class=\"wp-image-199\" srcset=\"https:\/\/riverhouse.com.pl\/wp-content\/uploads\/2023\/06\/L8-1-768x1024.jpg 768w, https:\/\/riverhouse.com.pl\/wp-content\/uploads\/2023\/06\/L8-1-225x300.jpg 225w, https:\/\/riverhouse.com.pl\/wp-content\/uploads\/2023\/06\/L8-1-1152x1536.jpg 1152w, https:\/\/riverhouse.com.pl\/wp-content\/uploads\/2023\/06\/L8-1-1536x2048.jpg 1536w, https:\/\/riverhouse.com.pl\/wp-content\/uploads\/2023\/06\/L8-1-scaled.jpg 1920w\" sizes=\"auto, (max-width: 768px) 100vw, 768px\" \/><\/figure>\n\n\n\n<figure class=\"wp-block-image size-large\"><img loading=\"lazy\" decoding=\"async\" width=\"768\" height=\"1024\" data-id=\"200\" src=\"https:\/\/riverhouse.com.pl\/wp-content\/uploads\/2023\/06\/L9-1-768x1024.jpg\" alt=\"\" class=\"wp-image-200\" srcset=\"https:\/\/riverhouse.com.pl\/wp-content\/uploads\/2023\/06\/L9-1-768x1024.jpg 768w, https:\/\/riverhouse.com.pl\/wp-content\/uploads\/2023\/06\/L9-1-225x300.jpg 225w, https:\/\/riverhouse.com.pl\/wp-content\/uploads\/2023\/06\/L9-1-1152x1536.jpg 1152w, https:\/\/riverhouse.com.pl\/wp-content\/uploads\/2023\/06\/L9-1-1536x2048.jpg 1536w, https:\/\/riverhouse.com.pl\/wp-content\/uploads\/2023\/06\/L9-1-scaled.jpg 1920w\" sizes=\"auto, (max-width: 768px) 100vw, 768px\" \/><\/figure>\n\n\n\n<figure class=\"wp-block-image size-large\"><img loading=\"lazy\" decoding=\"async\" width=\"1024\" height=\"768\" data-id=\"201\" src=\"https:\/\/riverhouse.com.pl\/wp-content\/uploads\/2023\/06\/L10-1-1024x768.jpg\" alt=\"\" class=\"wp-image-201\" srcset=\"https:\/\/riverhouse.com.pl\/wp-content\/uploads\/2023\/06\/L10-1-1024x768.jpg 1024w, https:\/\/riverhouse.com.pl\/wp-content\/uploads\/2023\/06\/L10-1-300x225.jpg 300w, https:\/\/riverhouse.com.pl\/wp-content\/uploads\/2023\/06\/L10-1-768x576.jpg 768w, https:\/\/riverhouse.com.pl\/wp-content\/uploads\/2023\/06\/L10-1-1536x1152.jpg 1536w, https:\/\/riverhouse.com.pl\/wp-content\/uploads\/2023\/06\/L10-1-2048x1536.jpg 2048w\" sizes=\"auto, (max-width: 1024px) 100vw, 1024px\" \/><\/figure>\n\n\n\n<figure class=\"wp-block-image size-large\"><img loading=\"lazy\" decoding=\"async\" width=\"1024\" height=\"768\" data-id=\"202\" src=\"https:\/\/riverhouse.com.pl\/wp-content\/uploads\/2023\/06\/L11-1-1024x768.jpg\" alt=\"\" class=\"wp-image-202\" srcset=\"https:\/\/riverhouse.com.pl\/wp-content\/uploads\/2023\/06\/L11-1-1024x768.jpg 1024w, https:\/\/riverhouse.com.pl\/wp-content\/uploads\/2023\/06\/L11-1-300x225.jpg 300w, https:\/\/riverhouse.com.pl\/wp-content\/uploads\/2023\/06\/L11-1-768x576.jpg 768w, https:\/\/riverhouse.com.pl\/wp-content\/uploads\/2023\/06\/L11-1-1536x1152.jpg 1536w, https:\/\/riverhouse.com.pl\/wp-content\/uploads\/2023\/06\/L11-1-2048x1536.jpg 2048w\" sizes=\"auto, (max-width: 1024px) 100vw, 1024px\" \/><\/figure>\n\n\n\n<figure class=\"wp-block-image size-large\"><img loading=\"lazy\" decoding=\"async\" width=\"768\" height=\"1024\" data-id=\"203\" src=\"https:\/\/riverhouse.com.pl\/wp-content\/uploads\/2023\/06\/L12-1-768x1024.jpg\" alt=\"\" class=\"wp-image-203\" srcset=\"https:\/\/riverhouse.com.pl\/wp-content\/uploads\/2023\/06\/L12-1-768x1024.jpg 768w, https:\/\/riverhouse.com.pl\/wp-content\/uploads\/2023\/06\/L12-1-225x300.jpg 225w, https:\/\/riverhouse.com.pl\/wp-content\/uploads\/2023\/06\/L12-1-1152x1536.jpg 1152w, https:\/\/riverhouse.com.pl\/wp-content\/uploads\/2023\/06\/L12-1-1536x2048.jpg 1536w, https:\/\/riverhouse.com.pl\/wp-content\/uploads\/2023\/06\/L12-1-scaled.jpg 1920w\" sizes=\"auto, (max-width: 768px) 100vw, 768px\" \/><\/figure>\n\n\n\n<figure class=\"wp-block-image size-large\"><img loading=\"lazy\" decoding=\"async\" width=\"1024\" height=\"768\" data-id=\"205\" src=\"https:\/\/riverhouse.com.pl\/wp-content\/uploads\/2023\/06\/L13-1-1024x768.jpg\" alt=\"\" class=\"wp-image-205\" srcset=\"https:\/\/riverhouse.com.pl\/wp-content\/uploads\/2023\/06\/L13-1-1024x768.jpg 1024w, https:\/\/riverhouse.com.pl\/wp-content\/uploads\/2023\/06\/L13-1-300x225.jpg 300w, https:\/\/riverhouse.com.pl\/wp-content\/uploads\/2023\/06\/L13-1-768x576.jpg 768w, https:\/\/riverhouse.com.pl\/wp-content\/uploads\/2023\/06\/L13-1-1536x1152.jpg 1536w, https:\/\/riverhouse.com.pl\/wp-content\/uploads\/2023\/06\/L13-1-2048x1536.jpg 2048w\" sizes=\"auto, (max-width: 1024px) 100vw, 1024px\" \/><\/figure>\n\n\n\n<figure class=\"wp-block-image size-large\"><img loading=\"lazy\" decoding=\"async\" width=\"1024\" height=\"768\" data-id=\"206\" src=\"https:\/\/riverhouse.com.pl\/wp-content\/uploads\/2023\/06\/L14-1-1024x768.jpg\" alt=\"\" class=\"wp-image-206\" srcset=\"https:\/\/riverhouse.com.pl\/wp-content\/uploads\/2023\/06\/L14-1-1024x768.jpg 1024w, https:\/\/riverhouse.com.pl\/wp-content\/uploads\/2023\/06\/L14-1-300x225.jpg 300w, https:\/\/riverhouse.com.pl\/wp-content\/uploads\/2023\/06\/L14-1-768x576.jpg 768w, https:\/\/riverhouse.com.pl\/wp-content\/uploads\/2023\/06\/L14-1-1536x1152.jpg 1536w, https:\/\/riverhouse.com.pl\/wp-content\/uploads\/2023\/06\/L14-1-2048x1536.jpg 2048w\" sizes=\"auto, (max-width: 1024px) 100vw, 1024px\" \/><\/figure>\n\n\n\n<figure class=\"wp-block-image size-large\"><img loading=\"lazy\" decoding=\"async\" width=\"768\" height=\"1024\" data-id=\"208\" src=\"https:\/\/riverhouse.com.pl\/wp-content\/uploads\/2023\/06\/L15-2-768x1024.jpg\" alt=\"\" class=\"wp-image-208\" srcset=\"https:\/\/riverhouse.com.pl\/wp-content\/uploads\/2023\/06\/L15-2-768x1024.jpg 768w, https:\/\/riverhouse.com.pl\/wp-content\/uploads\/2023\/06\/L15-2-225x300.jpg 225w, https:\/\/riverhouse.com.pl\/wp-content\/uploads\/2023\/06\/L15-2-1152x1536.jpg 1152w, https:\/\/riverhouse.com.pl\/wp-content\/uploads\/2023\/06\/L15-2-1536x2048.jpg 1536w, https:\/\/riverhouse.com.pl\/wp-content\/uploads\/2023\/06\/L15-2-scaled.jpg 1920w\" sizes=\"auto, (max-width: 768px) 100vw, 768px\" \/><\/figure>\n\n\n\n<figure class=\"wp-block-image size-large\"><img loading=\"lazy\" decoding=\"async\" width=\"768\" height=\"1024\" data-id=\"209\" src=\"https:\/\/riverhouse.com.pl\/wp-content\/uploads\/2023\/06\/L16-1-768x1024.jpg\" alt=\"\" class=\"wp-image-209\" srcset=\"https:\/\/riverhouse.com.pl\/wp-content\/uploads\/2023\/06\/L16-1-768x1024.jpg 768w, https:\/\/riverhouse.com.pl\/wp-content\/uploads\/2023\/06\/L16-1-225x300.jpg 225w, https:\/\/riverhouse.com.pl\/wp-content\/uploads\/2023\/06\/L16-1-1152x1536.jpg 1152w, https:\/\/riverhouse.com.pl\/wp-content\/uploads\/2023\/06\/L16-1-1536x2048.jpg 1536w, https:\/\/riverhouse.com.pl\/wp-content\/uploads\/2023\/06\/L16-1-scaled.jpg 1920w\" sizes=\"auto, (max-width: 768px) 100vw, 768px\" \/><\/figure>\n\n\n\n<figure class=\"wp-block-image size-large\"><img loading=\"lazy\" decoding=\"async\" width=\"768\" height=\"1024\" data-id=\"210\" src=\"https:\/\/riverhouse.com.pl\/wp-content\/uploads\/2023\/06\/L17-1-768x1024.jpg\" alt=\"\" class=\"wp-image-210\" srcset=\"https:\/\/riverhouse.com.pl\/wp-content\/uploads\/2023\/06\/L17-1-768x1024.jpg 768w, https:\/\/riverhouse.com.pl\/wp-content\/uploads\/2023\/06\/L17-1-225x300.jpg 225w, https:\/\/riverhouse.com.pl\/wp-content\/uploads\/2023\/06\/L17-1-1152x1536.jpg 1152w, https:\/\/riverhouse.com.pl\/wp-content\/uploads\/2023\/06\/L17-1-1536x2048.jpg 1536w, https:\/\/riverhouse.com.pl\/wp-content\/uploads\/2023\/06\/L17-1-scaled.jpg 1920w\" sizes=\"auto, (max-width: 768px) 100vw, 768px\" \/><\/figure>\n\n\n\n<figure class=\"wp-block-image size-large\"><img loading=\"lazy\" decoding=\"async\" width=\"768\" height=\"1024\" data-id=\"211\" src=\"https:\/\/riverhouse.com.pl\/wp-content\/uploads\/2023\/06\/L18-1-768x1024.jpg\" alt=\"\" class=\"wp-image-211\" srcset=\"https:\/\/riverhouse.com.pl\/wp-content\/uploads\/2023\/06\/L18-1-768x1024.jpg 768w, https:\/\/riverhouse.com.pl\/wp-content\/uploads\/2023\/06\/L18-1-225x300.jpg 225w, https:\/\/riverhouse.com.pl\/wp-content\/uploads\/2023\/06\/L18-1-1152x1536.jpg 1152w, https:\/\/riverhouse.com.pl\/wp-content\/uploads\/2023\/06\/L18-1-1536x2048.jpg 1536w, https:\/\/riverhouse.com.pl\/wp-content\/uploads\/2023\/06\/L18-1-scaled.jpg 1920w\" sizes=\"auto, (max-width: 768px) 100vw, 768px\" \/><\/figure>\n\n\n\n<figure class=\"wp-block-image size-large\"><img loading=\"lazy\" decoding=\"async\" width=\"768\" height=\"1024\" data-id=\"176\" src=\"https:\/\/riverhouse.com.pl\/wp-content\/uploads\/2023\/06\/L19-768x1024.jpg\" alt=\"\" class=\"wp-image-176\" srcset=\"https:\/\/riverhouse.com.pl\/wp-content\/uploads\/2023\/06\/L19-768x1024.jpg 768w, https:\/\/riverhouse.com.pl\/wp-content\/uploads\/2023\/06\/L19-225x300.jpg 225w, https:\/\/riverhouse.com.pl\/wp-content\/uploads\/2023\/06\/L19-1152x1536.jpg 1152w, https:\/\/riverhouse.com.pl\/wp-content\/uploads\/2023\/06\/L19-1536x2048.jpg 1536w, https:\/\/riverhouse.com.pl\/wp-content\/uploads\/2023\/06\/L19-scaled.jpg 1920w\" sizes=\"auto, (max-width: 768px) 100vw, 768px\" \/><\/figure>\n\n\n\n<figure class=\"wp-block-image size-large\"><img loading=\"lazy\" decoding=\"async\" width=\"768\" height=\"1024\" data-id=\"171\" src=\"https:\/\/riverhouse.com.pl\/wp-content\/uploads\/2023\/06\/L20-768x1024.jpg\" alt=\"\" class=\"wp-image-171\" srcset=\"https:\/\/riverhouse.com.pl\/wp-content\/uploads\/2023\/06\/L20-768x1024.jpg 768w, https:\/\/riverhouse.com.pl\/wp-content\/uploads\/2023\/06\/L20-225x300.jpg 225w, https:\/\/riverhouse.com.pl\/wp-content\/uploads\/2023\/06\/L20-1152x1536.jpg 1152w, https:\/\/riverhouse.com.pl\/wp-content\/uploads\/2023\/06\/L20-1536x2048.jpg 1536w, https:\/\/riverhouse.com.pl\/wp-content\/uploads\/2023\/06\/L20-scaled.jpg 1920w\" sizes=\"auto, (max-width: 768px) 100vw, 768px\" \/><\/figure>\n\n\n\n<figure class=\"wp-block-image size-large\"><img loading=\"lazy\" decoding=\"async\" width=\"768\" height=\"1024\" data-id=\"170\" src=\"https:\/\/riverhouse.com.pl\/wp-content\/uploads\/2023\/06\/L21-768x1024.jpg\" alt=\"\" class=\"wp-image-170\" srcset=\"https:\/\/riverhouse.com.pl\/wp-content\/uploads\/2023\/06\/L21-768x1024.jpg 768w, https:\/\/riverhouse.com.pl\/wp-content\/uploads\/2023\/06\/L21-225x300.jpg 225w, https:\/\/riverhouse.com.pl\/wp-content\/uploads\/2023\/06\/L21-1152x1536.jpg 1152w, https:\/\/riverhouse.com.pl\/wp-content\/uploads\/2023\/06\/L21-1536x2048.jpg 1536w, https:\/\/riverhouse.com.pl\/wp-content\/uploads\/2023\/06\/L21-scaled.jpg 1920w\" sizes=\"auto, (max-width: 768px) 100vw, 768px\" \/><\/figure>\n<\/figure>\n","protected":false},"excerpt":{"rendered":"<p>Wn\u0119trze dedykowane jest 2 lub 4 osobom, \u00a0urz\u0105dzone z zachowaniem oryginalnych poniemieckich desek i belek na sufitach &#8211; bo kochamy drewno i naturalne surowce. Ubrane w subtelne stonowane barwy,\u00a0 prze\u0142amane industrialn\u0105\u00a0 czerni\u0105 . Apartament sk\u0142ada si\u0119 z\u00a0 osobnej sypialni z \u0142\u00f3\u017ckiem ma\u0142\u017ce\u0144skim, \u0142azienki z prysznicem oraz salonu po\u0142\u0105czonego z pe\u0142nym aneksem kuchennym.\u00a0 We wszystkich pomieszczeniach [&hellip;]<\/p>\n","protected":false},"author":1,"featured_media":0,"parent":27,"menu_order":0,"comment_status":"closed","ping_status":"closed","template":"","meta":{"footnotes":""},"class_list":["post-64","page","type-page","status-publish","hentry"],"_links":{"self":[{"href":"https:\/\/riverhouse.com.pl\/index.php\/wp-json\/wp\/v2\/pages\/64","targetHints":{"allow":["GET"]}}],"collection":[{"href":"https:\/\/riverhouse.com.pl\/index.php\/wp-json\/wp\/v2\/pages"}],"about":[{"href":"https:\/\/riverhouse.com.pl\/index.php\/wp-json\/wp\/v2\/types\/page"}],"author":[{"embeddable":true,"href":"https:\/\/riverhouse.com.pl\/index.php\/wp-json\/wp\/v2\/users\/1"}],"replies":[{"embeddable":true,"href":"https:\/\/riverhouse.com.pl\/index.php\/wp-json\/wp\/v2\/comments?post=64"}],"version-history":[{"count":5,"href":"https:\/\/riverhouse.com.pl\/index.php\/wp-json\/wp\/v2\/pages\/64\/revisions"}],"predecessor-version":[{"id":262,"href":"https:\/\/riverhouse.com.pl\/index.php\/wp-json\/wp\/v2\/pages\/64\/revisions\/262"}],"up":[{"embeddable":true,"href":"https:\/\/riverhouse.com.pl\/index.php\/wp-json\/wp\/v2\/pages\/27"}],"wp:attachment":[{"href":"https:\/\/riverhouse.com.pl\/index.php\/wp-json\/wp\/v2\/media?parent=64"}],"curies":[{"name":"wp","href":"https:\/\/api.w.org\/{rel}","templated":true}]}}